{"id":302,"date":"2018-04-03T08:06:55","date_gmt":"2018-04-03T08:06:55","guid":{"rendered":"http:\/\/brandzwei.gmbh\/?page_id=302"},"modified":"2018-04-12T10:48:07","modified_gmt":"2018-04-12T10:48:07","slug":"agb","status":"publish","type":"page","link":"https:\/\/brandzwei.gmbh\/?page_id=302","title":{"rendered":"AGB"},"content":{"rendered":"<h1><strong>Allgemeine Gesch\u00e4ftsbedingungen der Ingenieurb\u00fcros \u00d6sterreichs \u2013 B2B (zwischen Unternehmern)<\/strong><\/h1>\n<p><strong>1.) Geltung der Allgemeinen Gesch\u00e4ftsbedingungen und Abweichungen<\/strong><\/p>\n<ol>\n<li>Die folgenden Allgemeinen Gesch\u00e4ftsbedingungen gelten f\u00fcr alle gegenw\u00e4rtigen und k\u00fcnftigen Vertr\u00e4ge zwischen dem Auftraggeber in seiner Eigenschaft als Unternehmer und dem Ingenieurb\u00fcro.<\/li>\n<li>Abweichungen von diesen Bedingungen und insbesondere auch Bedingungen des Auftraggebers gelten nur, wenn sie vom Ingenieurb\u00fcro ausdr\u00fccklich und schriftlich anerkannt und best\u00e4tigt werden.<\/li>\n<\/ol>\n<p><strong>2.) Angebote, Nebenabreden<\/strong><\/p>\n<ol>\n<li>Die Angebote des Ingenieurb\u00fcros sind, sofern nichts anderes angegeben ist, freibleibend und zwar hinsichtlich aller angegebenen Daten einschlie\u00dflich des Honorars.<\/li>\n<li>Enth\u00e4lt eine Auftragsbest\u00e4tigung des Ingenieurb\u00fcros \u00c4nderungen gegen\u00fcber dem Auftrag, so gelten diese als vom Auftraggeber genehmigt, sofern dieser nicht unverz\u00fcglich schriftlich widerspricht.<\/li>\n<li>Vereinbarungen bed\u00fcrfen grunds\u00e4tzlich der Schriftform.<\/li>\n<\/ol>\n<p><strong>3.) Auftragserteilung<\/strong><\/p>\n<ol>\n<li>Art und Umfang der vereinbarten Leistung ergeben sich aus Vertrag, Vollmacht und diesen Allgemeinen Gesch\u00e4ftsbedingungen.<\/li>\n<li>\u00c4nderungen und Erg\u00e4nzungen des Auftrags bed\u00fcrfen der schriftlichen Best\u00e4tigung durch das Ingenieurb\u00fcro um Gegenstand des vorliegenden Vertragsverh\u00e4ltnisses zu werden.<\/li>\n<li>Das Ingenieurb\u00fcro verpflichtet sich zur ordnungsgem\u00e4\u00dfen Durchf\u00fchrung des ihm erteilten Auftrags nach den allgemein anerkannten Regeln der Technik und den Grunds\u00e4tzen der Wirtschaftlichkeit.<\/li>\n<li>Das Ingenieurb\u00fcro kann zur Vertragserf\u00fcllung andere entsprechend Befugte heranziehen und diesen im Namen und f\u00fcr Rechnung des Auftraggebers Auftr\u00e4ge erteilen. Das Ingenieurb\u00fcro ist jedoch verpflichtet, den Auftraggeber von dieser Absicht schriftlich zu verst\u00e4ndigen und dem Auftraggeber die M\u00f6glichkeit einzur\u00e4umen, dieser Auftragserteilung an einen Dritten binnen 10 Tagen zu widersprechen.<\/li>\n<li>Das Ingenieurb\u00fcro kann auch zur Vertragserf\u00fcllung andere entsprechend Befugte als Subplaner heranziehen und diesen im Namen und f\u00fcr Rechnung des Ingenieurb\u00fcros Auftr\u00e4ge erteilen. Das Ingenieurb\u00fcro ist jedoch verpflichtet den Auftraggeber schriftlich zu verst\u00e4ndigen, wenn es beabsichtigt, Auftr\u00e4ge durch einen Subplaner durchf\u00fchren zu lassen, und dem Auftraggeber die M\u00f6glichkeit einzur\u00e4umen, dieser Auftragserteilung an den Subplaner binnen einer Woche zu widersprechen; in diesem Fall hat das Ingenieurb\u00fcro den Auftrag selbst durchzuf\u00fchren.<\/li>\n<\/ol>\n<p><strong>4.) Gew\u00e4hrleistung und Schadenersatz<\/strong><\/p>\n<ol>\n<li>Gew\u00e4hrleistungsanspr\u00fcche k\u00f6nnen nur nach M\u00e4ngelr\u00fcgen erhoben werden, die ausschlie\u00dflich durch eingeschriebenen Brief binnen 14 Tage ab \u00dcbergabe der Leistung oder Teilleistung zu erfolgen hat.<\/li>\n<li>Anspr\u00fcche auf Wandlung und Preisminderung sind ausgeschlossen. Anspr\u00fcche auf Verbesserung bzw. Nachtrag des Fehlenden sind vom Ingenieurb\u00fcro innerhalb angemessener Frist, die im allgemeinen ein Drittel der f\u00fcr die Durchf\u00fchrung der Leistung vereinbarten Frist betragen soll, zu erf\u00fcllen. Ein Anspruch auf Versp\u00e4tungsschaden kann innerhalb dieser Frist nicht geltend gemacht werden.<\/li>\n<li>Das Ingenieurb\u00fcro hat seine Leistungen mit der von ihm als Fachmann zu erwartenden Sorgfalt (\u00a71299 ABGB) zu erbringen.<\/li>\n<li>Hat das Ingenieurb\u00fcro in Verletzung seiner vertraglichen Pflichten dem Auftraggeber schuldhaft einen Schaden zugef\u00fcgt, ist dessen Haftung f\u00fcr den Ersatz des dadurch verursachten Schadens \u2013 wenn im Einzelfall nicht anders geregelt \u2013 bei leichter Fahrl\u00e4ssigkeit wie folgt begrenzt:\n<ul style=\"margin-left: 35px;\">\n<li>bei R\u00fccktritt und bei Personensch\u00e4den ohne Begrenzung,<\/li>\n<li>in allen anderen F\u00e4llen mit folgenden Begrenzungen:<\/li>\n<li>bei einer Auftragssumme bis 250.000,00 Euro: h\u00f6chstens 12.500,00 Euro;<\/li>\n<li>bei einer Auftragssumme \u00fcber 250.000,00 Euro: 5 % der Auftragssumme,<br \/>\njedoch h\u00f6chstens 750.000,00<\/li>\n<\/ul>\n<\/li>\n<li>Die Haftung bei Folgesch\u00e4den und entgangenen Gewinn ist auch bei grober Fahrl\u00e4ssigkeit ausgeschlossen, sofern im Einzelfall nichts anderes geregelt ist.<\/li>\n<\/ol>\n<p><strong>5.) R\u00fccktritt vom Vertrag<\/strong><\/p>\n<ol>\n<li>Ein R\u00fccktritt vom Vertrag ist nur aus wichtigem Grund zul\u00e4ssig.<\/li>\n<li>Bei Verzug des Ingenieurb\u00fcros mit einer Leistung ist ein R\u00fccktritt des Auftraggebers erst nach Setzen einer angemessenen Nachfrist m\u00f6glich; die Nachfrist ist mit eingeschriebenem Brief zu setzen.<\/li>\n<li>Bei Verzug des Auftraggebers bei einer Teilleistung oder einer vereinbarten Mitwirkungst\u00e4tigkeit, der die Durchf\u00fchrung des Auftrages durch das Ingenieurb\u00fcro unm\u00f6glich macht oder erheblich behindert, ist das Ingenieurb\u00fcro zum Vertragsr\u00fccktritt berechtigt.<\/li>\n<li>Ist das Ingenieurb\u00fcro zum Vertragsr\u00fccktritt berechtigt, so beh\u00e4lt dieses den Anspruch auf das gesamte vereinbarte Honorar, ebenso bei unberechtigtem R\u00fccktritt des Auftraggebers. Weiters findet \u00a71168 ABGB Anwendung; bei berechtigtem R\u00fccktritt des Auftraggebers sind von diesem die vom Ingenieurb\u00fcro erbrachten Leistungen zu honorieren.<\/li>\n<\/ol>\n<p><strong>6.) Honorar, Leistungsumfang<\/strong><\/p>\n<ol>\n<li>S\u00e4mtliche Honorare sind mangels abweichender Angaben in EURO erstellt.<\/li>\n<li>In den angegebenen Honorarbetr\u00e4gen ist die Umsatzsteuer (Mehrwertsteuer) nicht enthalten, diese ist gesondert vom Auftraggeber zu bezahlen.<\/li>\n<li>Die Kompensation mit allf\u00e4lligen Gegenforderungen, aus welchem Grunde auch immer, ist unzul\u00e4ssig.<\/li>\n<li>Sofern nichts anderes vereinbart ist, sind die vom Fachverband Ingenieurb\u00fcros herausgegebenen Unverbindlichen Kalkulationsempfehlungen Vertragsinhalt.<\/li>\n<li>Sofern nicht ausdr\u00fccklich Gegenteiliges vereinbart ist, hat die Zahlung ohne Abz\u00fcge binnen 30 Tagen ab Rechnungslegung auf das vom Ingenieurb\u00fcro genannte Konto einer Bank mit inl\u00e4ndischer Niederlassung zu erfolgen. Im Fall des Zahlungsverzuges sind Zinsen in H\u00f6he von 9,2 % per anno \u00fcber dem Basiszinssatz der EZB zuz\u00fcglich Mahnspesen zu entrichten.<\/li>\n<\/ol>\n<p>&nbsp;<\/p>\n<p><strong>7.) Erf\u00fcllungsort<\/strong><\/p>\n<ol>\n<li>Erf\u00fcllungsort f\u00fcr alle B\u00fcroleistungen ist der Sitz des Ingenieurb\u00fcros (Wien).<\/li>\n<\/ol>\n<p><strong>8.) Geheimhaltung<\/strong><\/p>\n<ol>\n<li>Das Ingenieurb\u00fcro ist zur Geheimhaltung aller vom Auftraggeber erteilten Informationen verpflichtet.<\/li>\n<li>Das Ingenieurb\u00fcro ist auch zur Geheimhaltung seiner Planungst\u00e4tigkeit verpflichtet, wenn und solange der Auftraggeber an dieser Geheimhaltung ein berechtigtes Interesse hat. Nach Durchf\u00fchrung des Auftrages ist das Ingenieurb\u00fcro berechtigt, das vertragsgegenst\u00e4ndliche Werk g\u00e4nzlich oder teilweise zu Werbezwecken zu ver\u00f6ffentlichen, sofern vertraglich nichts anderes vereinbart ist.<\/li>\n<\/ol>\n<p><strong>9.) Schutz der Pl\u00e4ne<\/strong><\/p>\n<ol>\n<li>Das Ingenieurb\u00fcro beh\u00e4lt sich alle Rechte und Nutzungen an den von ihm erstellten Unterlagen (insbesondere Pl\u00e4ne, Prospekte, technische Unterlagen) vor.<\/li>\n<li>Jede Nutzung (insbesondere Bearbeitung, Ausf\u00fchrung, Vervielf\u00e4ltigung, Verbreitung, \u00f6ffentliche Vorf\u00fchrung, Zurverf\u00fcgungstellung) der Unterlagen oder Teilen davon ist nur mit ausdr\u00fccklicher Zustimmung des Ingenieurb\u00fcros zul\u00e4ssig. S\u00e4mtliche Unterlagen d\u00fcrfen daher nur f\u00fcr die bei Auftragserteilung oder durch eine nachfolgende Vereinbarung ausdr\u00fccklich festgelegten Zwecke verwendet werden.<\/li>\n<li>Das Ingenieurb\u00fcro ist berechtigt, der Auftraggeber verpflichtet, bei Ver\u00f6ffentlichungen und Bekanntmachungen \u00fcber das Projekt den Namen (Firma, Gesch\u00e4ftsbezeichnung) des Ingenieurb\u00fcros anzugeben.<\/li>\n<li>Im Falle des Zuwiderhandelns gegen diese Bestimmungen zum Schutz der Unterlagen hat das Ingenieurb\u00fcro Anspruch auf eine P\u00f6nale in H\u00f6he des doppelten angemessenen Entgelts der unautorisierten Nutzung, wobei die Geltendmachung eines dar\u00fcber hinausgehenden Schadenersatzanspruches vorbehalten bleibt. Diese P\u00f6nale unterliegt nicht dem richterlichen M\u00e4\u00dfigungsrecht. Die Beweislast, dass der Auftraggeber nicht die Unterlagen des Ingenieurb\u00fcros genutzt hat, obliegt dem Auftraggeber.<\/li>\n<\/ol>\n<p><strong>10.) Rechtswahl, Gerichtsstand<\/strong><\/p>\n<ol>\n<li>F\u00fcr Vertr\u00e4ge zwischen Auftraggeber und Ingenieurb\u00fcro kommt ausschlie\u00dflich \u00f6sterreichisches Recht zur Anwendung.<\/li>\n<li>F\u00fcr alle Streitigkeiten aus diesem Vertrag wird die Zust\u00e4ndigkeit des sachlich zust\u00e4ndigen Gerichts am Sitz des Ingenieurb\u00fcros vereinbart.<\/li>\n<\/ol>\n<p>Stand 1.1.2015<\/p>\n","protected":false},"excerpt":{"rendered":"<p>Allgemeine Gesch\u00e4ftsbedingungen der Ingenieurb\u00fcros \u00d6sterreichs \u2013 B2B (zwischen Unternehmern) 1.) Geltung der Allgemeinen Gesch\u00e4ftsbedingungen und Abweichungen Die folgenden Allgemeinen Gesch\u00e4ftsbedingungen gelten f\u00fcr alle gegenw\u00e4rtigen und k\u00fcnftigen Vertr\u00e4ge zwischen dem Auftraggeber in seiner Eigenschaft als Unternehmer und dem Ingenieurb\u00fcro. Abweichungen von diesen Bedingungen und insbesondere auch Bedingungen des Auftraggebers gelten nur, wenn sie vom Ingenieurb\u00fcro ausdr\u00fccklich [&hellip;]<\/p>\n","protected":false},"author":1,"featured_media":0,"parent":0,"menu_order":0,"comment_status":"closed","ping_status":"closed","template":"","meta":{"footnotes":""},"class_list":["post-302","page","type-page","status-publish","hentry"],"yoast_head":"<!-- This site is optimized with the Yoast SEO plugin v25.8 - https:\/\/yoast.com\/wordpress\/plugins\/seo\/ -->\n<title>AGB - brandZWEI \u2013 Brandschutz Consulting GmbH<\/title>\n<meta name=\"robots\" content=\"index, follow, max-snippet:-1, max-image-preview:large, max-video-preview:-1\" \/>\n<link rel=\"canonical\" href=\"https:\/\/brandzwei.gmbh\/?page_id=302\" \/>\n<meta property=\"og:locale\" content=\"de_DE\" \/>\n<meta property=\"og:type\" content=\"article\" \/>\n<meta property=\"og:title\" content=\"AGB - brandZWEI \u2013 Brandschutz Consulting GmbH\" \/>\n<meta property=\"og:description\" content=\"Allgemeine Gesch\u00e4ftsbedingungen der Ingenieurb\u00fcros \u00d6sterreichs \u2013 B2B (zwischen Unternehmern) 1.) Geltung der Allgemeinen Gesch\u00e4ftsbedingungen und Abweichungen Die folgenden Allgemeinen Gesch\u00e4ftsbedingungen gelten f\u00fcr alle gegenw\u00e4rtigen und k\u00fcnftigen Vertr\u00e4ge zwischen dem Auftraggeber in seiner Eigenschaft als Unternehmer und dem Ingenieurb\u00fcro. Abweichungen von diesen Bedingungen und insbesondere auch Bedingungen des Auftraggebers gelten nur, wenn sie vom Ingenieurb\u00fcro ausdr\u00fccklich [&hellip;]\" \/>\n<meta property=\"og:url\" content=\"https:\/\/brandzwei.gmbh\/?page_id=302\" \/>\n<meta property=\"og:site_name\" content=\"brandZWEI \u2013 Brandschutz Consulting GmbH\" \/>\n<meta property=\"article:modified_time\" content=\"2018-04-12T10:48:07+00:00\" \/>\n<meta name=\"twitter:card\" content=\"summary_large_image\" \/>\n<meta name=\"twitter:label1\" content=\"Gesch\u00e4tzte Lesezeit\" \/>\n\t<meta name=\"twitter:data1\" content=\"5\u00a0Minuten\" \/>\n<script type=\"application\/ld+json\" class=\"yoast-schema-graph\">{\"@context\":\"https:\/\/schema.org\",\"@graph\":[{\"@type\":\"WebPage\",\"@id\":\"https:\/\/brandzwei.gmbh\/?page_id=302\",\"url\":\"https:\/\/brandzwei.gmbh\/?page_id=302\",\"name\":\"AGB - brandZWEI \u2013 Brandschutz Consulting GmbH\",\"isPartOf\":{\"@id\":\"https:\/\/brandzwei.gmbh\/#website\"},\"datePublished\":\"2018-04-03T08:06:55+00:00\",\"dateModified\":\"2018-04-12T10:48:07+00:00\",\"breadcrumb\":{\"@id\":\"https:\/\/brandzwei.gmbh\/?page_id=302#breadcrumb\"},\"inLanguage\":\"de\",\"potentialAction\":[{\"@type\":\"ReadAction\",\"target\":[\"https:\/\/brandzwei.gmbh\/?page_id=302\"]}]},{\"@type\":\"BreadcrumbList\",\"@id\":\"https:\/\/brandzwei.gmbh\/?page_id=302#breadcrumb\",\"itemListElement\":[{\"@type\":\"ListItem\",\"position\":1,\"name\":\"Home\",\"item\":\"https:\/\/brandzwei.gmbh\/\"},{\"@type\":\"ListItem\",\"position\":2,\"name\":\"AGB\"}]},{\"@type\":\"WebSite\",\"@id\":\"https:\/\/brandzwei.gmbh\/#website\",\"url\":\"https:\/\/brandzwei.gmbh\/\",\"name\":\"brandZWEI \u2013 Brandschutz Consulting GmbH\",\"description\":\"Just another WordPress site\",\"potentialAction\":[{\"@type\":\"SearchAction\",\"target\":{\"@type\":\"EntryPoint\",\"urlTemplate\":\"https:\/\/brandzwei.gmbh\/?s={search_term_string}\"},\"query-input\":{\"@type\":\"PropertyValueSpecification\",\"valueRequired\":true,\"valueName\":\"search_term_string\"}}],\"inLanguage\":\"de\"}]}<\/script>\n<!-- \/ Yoast SEO plugin. -->","yoast_head_json":{"title":"AGB - brandZWEI \u2013 Brandschutz Consulting GmbH","robots":{"index":"index","follow":"follow","max-snippet":"max-snippet:-1","max-image-preview":"max-image-preview:large","max-video-preview":"max-video-preview:-1"},"canonical":"https:\/\/brandzwei.gmbh\/?page_id=302","og_locale":"de_DE","og_type":"article","og_title":"AGB - brandZWEI \u2013 Brandschutz Consulting GmbH","og_description":"Allgemeine Gesch\u00e4ftsbedingungen der Ingenieurb\u00fcros \u00d6sterreichs \u2013 B2B (zwischen Unternehmern) 1.) Geltung der Allgemeinen Gesch\u00e4ftsbedingungen und Abweichungen Die folgenden Allgemeinen Gesch\u00e4ftsbedingungen gelten f\u00fcr alle gegenw\u00e4rtigen und k\u00fcnftigen Vertr\u00e4ge zwischen dem Auftraggeber in seiner Eigenschaft als Unternehmer und dem Ingenieurb\u00fcro. Abweichungen von diesen Bedingungen und insbesondere auch Bedingungen des Auftraggebers gelten nur, wenn sie vom Ingenieurb\u00fcro ausdr\u00fccklich [&hellip;]","og_url":"https:\/\/brandzwei.gmbh\/?page_id=302","og_site_name":"brandZWEI \u2013 Brandschutz Consulting GmbH","article_modified_time":"2018-04-12T10:48:07+00:00","twitter_card":"summary_large_image","twitter_misc":{"Gesch\u00e4tzte Lesezeit":"5\u00a0Minuten"},"schema":{"@context":"https:\/\/schema.org","@graph":[{"@type":"WebPage","@id":"https:\/\/brandzwei.gmbh\/?page_id=302","url":"https:\/\/brandzwei.gmbh\/?page_id=302","name":"AGB - brandZWEI \u2013 Brandschutz Consulting GmbH","isPartOf":{"@id":"https:\/\/brandzwei.gmbh\/#website"},"datePublished":"2018-04-03T08:06:55+00:00","dateModified":"2018-04-12T10:48:07+00:00","breadcrumb":{"@id":"https:\/\/brandzwei.gmbh\/?page_id=302#breadcrumb"},"inLanguage":"de","potentialAction":[{"@type":"ReadAction","target":["https:\/\/brandzwei.gmbh\/?page_id=302"]}]},{"@type":"BreadcrumbList","@id":"https:\/\/brandzwei.gmbh\/?page_id=302#breadcrumb","itemListElement":[{"@type":"ListItem","position":1,"name":"Home","item":"https:\/\/brandzwei.gmbh\/"},{"@type":"ListItem","position":2,"name":"AGB"}]},{"@type":"WebSite","@id":"https:\/\/brandzwei.gmbh\/#website","url":"https:\/\/brandzwei.gmbh\/","name":"brandZWEI \u2013 Brandschutz Consulting GmbH","description":"Just another WordPress site","potentialAction":[{"@type":"SearchAction","target":{"@type":"EntryPoint","urlTemplate":"https:\/\/brandzwei.gmbh\/?s={search_term_string}"},"query-input":{"@type":"PropertyValueSpecification","valueRequired":true,"valueName":"search_term_string"}}],"inLanguage":"de"}]}},"_links":{"self":[{"href":"https:\/\/brandzwei.gmbh\/index.php?rest_route=\/wp\/v2\/pages\/302","targetHints":{"allow":["GET"]}}],"collection":[{"href":"https:\/\/brandzwei.gmbh\/index.php?rest_route=\/wp\/v2\/pages"}],"about":[{"href":"https:\/\/brandzwei.gmbh\/index.php?rest_route=\/wp\/v2\/types\/page"}],"author":[{"embeddable":true,"href":"https:\/\/brandzwei.gmbh\/index.php?rest_route=\/wp\/v2\/users\/1"}],"replies":[{"embeddable":true,"href":"https:\/\/brandzwei.gmbh\/index.php?rest_route=%2Fwp%2Fv2%2Fcomments&post=302"}],"version-history":[{"count":11,"href":"https:\/\/brandzwei.gmbh\/index.php?rest_route=\/wp\/v2\/pages\/302\/revisions"}],"predecessor-version":[{"id":362,"href":"https:\/\/brandzwei.gmbh\/index.php?rest_route=\/wp\/v2\/pages\/302\/revisions\/362"}],"wp:attachment":[{"href":"https:\/\/brandzwei.gmbh\/index.php?rest_route=%2Fwp%2Fv2%2Fmedia&parent=302"}],"curies":[{"name":"wp","href":"https:\/\/api.w.org\/{rel}","templated":true}]}}